{"id":1565,"date":"2019-01-15T04:00:15","date_gmt":"2019-01-15T03:00:15","guid":{"rendered":"http:\/\/www.steevejosch.com\/?page_id=1565"},"modified":"2026-04-23T01:10:03","modified_gmt":"2026-04-22T23:10:03","slug":"grossesse","status":"publish","type":"page","link":"https:\/\/www.steevejosch.com\/index.php\/grossesse\/","title":{"rendered":"Grossesse"},"content":{"rendered":"<div id=\"dslc-theme-content\"><div id=\"dslc-theme-content-inner\">\n<h1>\n\t\t\tS\u00e9ance photo grossesse\t<\/h1>\n<h3>\n\t\t\tUne s\u00e9ance douce et naturelle pour sublimer cette p\u00e9riode unique et en garder un souvenir intemporel.\t<\/h3>\n\n<h5>\n\t\t\tVoir les d\u00e9tails de la s\u00e9ance grossesse.\t<\/h5>\n\t\t\t<a href=\"http:\/\/www.steevejosch.com\/index.php\/tarifs-grossesse\/\"  target=\"_self\">\n\t\t\t\t\t\t\tCliquez ici\n\t\t\t\t\t<\/a>\n\tngg_shortcode_0_placeholder\n<h5>\n\t\t\tVoir les d\u00e9tails de la s\u00e9ance grossesse.\t<\/h5>\n\t\t\t<a href=\"http:\/\/www.steevejosch.com\/index.php\/tarifs-grossesse\/\"  target=\"_self\">\n\t\t\t\t\t\t\tCliquez ici\n\t\t\t\t\t<\/a>\n\n<\/div><\/div>","protected":false},"excerpt":{"rendered":"<p>S\u00e9ance photo grossesse Une s\u00e9ance douce et naturelle pour sublimer cette p\u00e9riode unique et en garder un souvenir intemporel. Voir les d\u00e9tails de la s\u00e9ance grossesse. Cliquez ici Voir les d\u00e9tails de la s\u00e9ance grossesse. Cliquez ici<\/p>\n","protected":false},"author":1,"featured_media":0,"parent":0,"menu_order":0,"comment_status":"closed","ping_status":"closed","template":"","meta":{"ngg_post_thumbnail":0,"footnotes":""},"class_list":["post-1565","page","type-page","status-publish","hentry"],"_links":{"self":[{"href":"https:\/\/www.steevejosch.com\/index.php\/wp-json\/wp\/v2\/pages\/1565","targetHints":{"allow":["GET"]}}],"collection":[{"href":"https:\/\/www.steevejosch.com\/index.php\/wp-json\/wp\/v2\/pages"}],"about":[{"href":"https:\/\/www.steevejosch.com\/index.php\/wp-json\/wp\/v2\/types\/page"}],"author":[{"embeddable":true,"href":"https:\/\/www.steevejosch.com\/index.php\/wp-json\/wp\/v2\/users\/1"}],"replies":[{"embeddable":true,"href":"https:\/\/www.steevejosch.com\/index.php\/wp-json\/wp\/v2\/comments?post=1565"}],"version-history":[{"count":6,"href":"https:\/\/www.steevejosch.com\/index.php\/wp-json\/wp\/v2\/pages\/1565\/revisions"}],"predecessor-version":[{"id":75892,"href":"https:\/\/www.steevejosch.com\/index.php\/wp-json\/wp\/v2\/pages\/1565\/revisions\/75892"}],"wp:attachment":[{"href":"https:\/\/www.steevejosch.com\/index.php\/wp-json\/wp\/v2\/media?parent=1565"}],"curies":[{"name":"wp","href":"https:\/\/api.w.org\/{rel}","templated":true}]}}