{"id":303,"date":"2018-12-23T23:04:43","date_gmt":"2018-12-23T22:04:43","guid":{"rendered":"http:\/\/www.steevejosch.com\/?page_id=303"},"modified":"2026-04-23T01:17:24","modified_gmt":"2026-04-22T23:17:24","slug":"mariage-reportage","status":"publish","type":"page","link":"https:\/\/www.steevejosch.com\/index.php\/mariage-reportage\/","title":{"rendered":"Mariages - Reportages"},"content":{"rendered":"<div id=\"dslc-theme-content\"><div id=\"dslc-theme-content-inner\">\n<h1>\n\t\t\tReportage mariage \u00e0 Strasbourg\t<\/h1>\n<h3>\n\t\t\tUn regard sinc\u00e8re et discret pour raconter votre journ\u00e9e telle qu'elle se vit, sans mise en sc\u00e8ne.\t<\/h3>\n\n<h5>\n\t\t\tConsulter les prestations mariage et disponibilit\u00e9s.\t<\/h5>\n\t\t\t<a href=\"https:\/\/www.steevejosch.com\/index.php\/tarif-mariage\/\"  target=\"_self\">\n\t\t\t\t\t\t\tCliquez ici\n\t\t\t\t\t<\/a>\n\t\nngg_shortcode_0_placeholder\n<h5>\n\t\t\tConsulter les prestations mariage et disponibilit\u00e9s.\t<\/h5>\n\t\t\t<a href=\"https:\/\/www.steevejosch.com\/index.php\/tarif-mariage\/\"  target=\"_self\">\n\t\t\t\t\t\t\tCliquez ici\n\t\t\t\t\t<\/a>\n\n<\/div><\/div>","protected":false},"excerpt":{"rendered":"<p>Reportage mariage \u00e0 Strasbourg Un regard sinc\u00e8re et discret pour raconter votre journ\u00e9e telle qu'elle se vit, sans mise en sc\u00e8ne. Consulter les prestations mariage et disponibilit\u00e9s. Cliquez ici Consulter les prestations mariage et disponibilit\u00e9s. Cliquez ici<\/p>\n","protected":false},"author":1,"featured_media":0,"parent":0,"menu_order":0,"comment_status":"closed","ping_status":"closed","template":"","meta":{"ngg_post_thumbnail":0,"footnotes":""},"class_list":["post-303","page","type-page","status-publish","hentry"],"_links":{"self":[{"href":"https:\/\/www.steevejosch.com\/index.php\/wp-json\/wp\/v2\/pages\/303","targetHints":{"allow":["GET"]}}],"collection":[{"href":"https:\/\/www.steevejosch.com\/index.php\/wp-json\/wp\/v2\/pages"}],"about":[{"href":"https:\/\/www.steevejosch.com\/index.php\/wp-json\/wp\/v2\/types\/page"}],"author":[{"embeddable":true,"href":"https:\/\/www.steevejosch.com\/index.php\/wp-json\/wp\/v2\/users\/1"}],"replies":[{"embeddable":true,"href":"https:\/\/www.steevejosch.com\/index.php\/wp-json\/wp\/v2\/comments?post=303"}],"version-history":[{"count":2,"href":"https:\/\/www.steevejosch.com\/index.php\/wp-json\/wp\/v2\/pages\/303\/revisions"}],"predecessor-version":[{"id":75896,"href":"https:\/\/www.steevejosch.com\/index.php\/wp-json\/wp\/v2\/pages\/303\/revisions\/75896"}],"wp:attachment":[{"href":"https:\/\/www.steevejosch.com\/index.php\/wp-json\/wp\/v2\/media?parent=303"}],"curies":[{"name":"wp","href":"https:\/\/api.w.org\/{rel}","templated":true}]}}