{"id":311,"date":"2018-12-23T23:11:04","date_gmt":"2018-12-23T22:11:04","guid":{"rendered":"http:\/\/www.steevejosch.com\/?page_id=311"},"modified":"2026-04-23T01:16:23","modified_gmt":"2026-04-22T23:16:23","slug":"portraits-mode","status":"publish","type":"page","link":"https:\/\/www.steevejosch.com\/index.php\/portraits-mode\/","title":{"rendered":"Portraits &#038; mode"},"content":{"rendered":"<div id=\"dslc-theme-content\"><div id=\"dslc-theme-content-inner\">\n<h1>\n\t\t\tS\u00e9ance portrait et mode \u00e0 Strasbourg\t<\/h1>\n<h3>\n\t\t\tDes images fortes, modernes et naturelles pour r\u00e9v\u00e9ler votre style et votre personnalit\u00e9.\t<\/h3>\n\n<h5>\n\t\t\tAcc\u00e9der aux tarifs des s\u00e9ances portrait.\t<\/h5>\n\t\t\t<a href=\"https:\/\/www.steevejosch.com\/index.php\/tarifs-shooting\/\"  target=\"_self\">\n\t\t\t\t\t\t\tCliquez ici\n\t\t\t\t\t<\/a>\n\tngg_shortcode_0_placeholder\n<h5>\n\t\t\tAcc\u00e9der aux tarifs des s\u00e9ances portrait.\t<\/h5>\n\t\t\t<a href=\"https:\/\/www.steevejosch.com\/index.php\/tarifs-shooting\/\"  target=\"_self\">\n\t\t\t\t\t\t\tCliquez ici\n\t\t\t\t\t<\/a>\n\n<\/div><\/div>","protected":false},"excerpt":{"rendered":"<p>S\u00e9ance portrait et mode \u00e0 Strasbourg Des images fortes, modernes et naturelles pour r\u00e9v\u00e9ler votre style et votre personnalit\u00e9. Acc\u00e9der aux tarifs des s\u00e9ances portrait. Cliquez ici Acc\u00e9der aux tarifs des s\u00e9ances portrait. Cliquez ici<\/p>\n","protected":false},"author":1,"featured_media":0,"parent":0,"menu_order":0,"comment_status":"closed","ping_status":"closed","template":"","meta":{"ngg_post_thumbnail":0,"footnotes":""},"class_list":["post-311","page","type-page","status-publish","hentry"],"_links":{"self":[{"href":"https:\/\/www.steevejosch.com\/index.php\/wp-json\/wp\/v2\/pages\/311","targetHints":{"allow":["GET"]}}],"collection":[{"href":"https:\/\/www.steevejosch.com\/index.php\/wp-json\/wp\/v2\/pages"}],"about":[{"href":"https:\/\/www.steevejosch.com\/index.php\/wp-json\/wp\/v2\/types\/page"}],"author":[{"embeddable":true,"href":"https:\/\/www.steevejosch.com\/index.php\/wp-json\/wp\/v2\/users\/1"}],"replies":[{"embeddable":true,"href":"https:\/\/www.steevejosch.com\/index.php\/wp-json\/wp\/v2\/comments?post=311"}],"version-history":[{"count":1,"href":"https:\/\/www.steevejosch.com\/index.php\/wp-json\/wp\/v2\/pages\/311\/revisions"}],"predecessor-version":[{"id":75895,"href":"https:\/\/www.steevejosch.com\/index.php\/wp-json\/wp\/v2\/pages\/311\/revisions\/75895"}],"wp:attachment":[{"href":"https:\/\/www.steevejosch.com\/index.php\/wp-json\/wp\/v2\/media?parent=311"}],"curies":[{"name":"wp","href":"https:\/\/api.w.org\/{rel}","templated":true}]}}