{"id":313,"date":"2018-12-23T23:11:27","date_gmt":"2018-12-23T22:11:27","guid":{"rendered":"http:\/\/www.steevejosch.com\/?page_id=313"},"modified":"2026-04-23T01:20:18","modified_gmt":"2026-04-22T23:20:18","slug":"famille","status":"publish","type":"page","link":"https:\/\/www.steevejosch.com\/index.php\/famille\/","title":{"rendered":"Famille &#038; Couples"},"content":{"rendered":"<div id=\"dslc-theme-content\"><div id=\"dslc-theme-content-inner\">\n<h1>\n\t\t\tPhotographe famille et couple \u00e0 Strasbourg\t<\/h1>\n<h3>\n\t\t\tDes moments vrais, captur\u00e9s avec naturel pour raconter votre histoire simplement.\t<\/h3>\n\n<h5>\n\t\t\tVoir les tarifs des s\u00e9ances famille et couple.\t<\/h5>\n\t\t\t<a href=\"https:\/\/www.steevejosch.com\/index.php\/tarifs-famille-couple\/\"  target=\"_self\">\n\t\t\t\t\t\t\tCliquez ici\n\t\t\t\t\t<\/a>\n\tngg_shortcode_0_placeholder\n<h5>\n\t\t\tVoir les tarifs des s\u00e9ances famille et couple.\t<\/h5>\n\t\t\t<a href=\"https:\/\/www.steevejosch.com\/index.php\/tarifs-famille-couple\/\"  target=\"_self\">\n\t\t\t\t\t\t\tCliquez ici\n\t\t\t\t\t<\/a>\n\n<\/div><\/div>","protected":false},"excerpt":{"rendered":"<p>Photographe famille et couple \u00e0 Strasbourg Des moments vrais, captur\u00e9s avec naturel pour raconter votre histoire simplement. Voir les tarifs des s\u00e9ances famille et couple. Cliquez ici Voir les tarifs des s\u00e9ances famille et couple. Cliquez ici<\/p>\n","protected":false},"author":1,"featured_media":0,"parent":0,"menu_order":0,"comment_status":"closed","ping_status":"closed","template":"","meta":{"ngg_post_thumbnail":0,"footnotes":""},"class_list":["post-313","page","type-page","status-publish","hentry"],"_links":{"self":[{"href":"https:\/\/www.steevejosch.com\/index.php\/wp-json\/wp\/v2\/pages\/313","targetHints":{"allow":["GET"]}}],"collection":[{"href":"https:\/\/www.steevejosch.com\/index.php\/wp-json\/wp\/v2\/pages"}],"about":[{"href":"https:\/\/www.steevejosch.com\/index.php\/wp-json\/wp\/v2\/types\/page"}],"author":[{"embeddable":true,"href":"https:\/\/www.steevejosch.com\/index.php\/wp-json\/wp\/v2\/users\/1"}],"replies":[{"embeddable":true,"href":"https:\/\/www.steevejosch.com\/index.php\/wp-json\/wp\/v2\/comments?post=313"}],"version-history":[{"count":5,"href":"https:\/\/www.steevejosch.com\/index.php\/wp-json\/wp\/v2\/pages\/313\/revisions"}],"predecessor-version":[{"id":75898,"href":"https:\/\/www.steevejosch.com\/index.php\/wp-json\/wp\/v2\/pages\/313\/revisions\/75898"}],"wp:attachment":[{"href":"https:\/\/www.steevejosch.com\/index.php\/wp-json\/wp\/v2\/media?parent=313"}],"curies":[{"name":"wp","href":"https:\/\/api.w.org\/{rel}","templated":true}]}}