{"id":671,"date":"2019-01-10T04:02:21","date_gmt":"2019-01-10T03:02:21","guid":{"rendered":"http:\/\/www.steevejosch.com\/?page_id=671"},"modified":"2026-04-23T01:23:50","modified_gmt":"2026-04-22T23:23:50","slug":"intime","status":"publish","type":"page","link":"https:\/\/www.steevejosch.com\/index.php\/intime\/","title":{"rendered":"Intime"},"content":{"rendered":"<div id=\"dslc-theme-content\"><div id=\"dslc-theme-content-inner\">\n<h1>\n\t\t\tS\u00e9ance boudoir et intime \u00e0 Strasbourg\t<\/h1>\n<h3>\n\t\t\tUne approche douce et respectueuse pour cr\u00e9er des images \u00e9l\u00e9gantes, personnelles et assum\u00e9es.\t<\/h3>\n\tngg_shortcode_0_placeholder\n\n<\/div><\/div>","protected":false},"excerpt":{"rendered":"<p>S\u00e9ance boudoir et intime \u00e0 Strasbourg Une approche douce et respectueuse pour cr\u00e9er des images \u00e9l\u00e9gantes, personnelles et assum\u00e9es.<\/p>\n","protected":false},"author":1,"featured_media":0,"parent":0,"menu_order":0,"comment_status":"closed","ping_status":"closed","template":"","meta":{"ngg_post_thumbnail":0,"footnotes":""},"class_list":["post-671","page","type-page","status-publish","hentry"],"_links":{"self":[{"href":"https:\/\/www.steevejosch.com\/index.php\/wp-json\/wp\/v2\/pages\/671","targetHints":{"allow":["GET"]}}],"collection":[{"href":"https:\/\/www.steevejosch.com\/index.php\/wp-json\/wp\/v2\/pages"}],"about":[{"href":"https:\/\/www.steevejosch.com\/index.php\/wp-json\/wp\/v2\/types\/page"}],"author":[{"embeddable":true,"href":"https:\/\/www.steevejosch.com\/index.php\/wp-json\/wp\/v2\/users\/1"}],"replies":[{"embeddable":true,"href":"https:\/\/www.steevejosch.com\/index.php\/wp-json\/wp\/v2\/comments?post=671"}],"version-history":[{"count":1,"href":"https:\/\/www.steevejosch.com\/index.php\/wp-json\/wp\/v2\/pages\/671\/revisions"}],"predecessor-version":[{"id":75902,"href":"https:\/\/www.steevejosch.com\/index.php\/wp-json\/wp\/v2\/pages\/671\/revisions\/75902"}],"wp:attachment":[{"href":"https:\/\/www.steevejosch.com\/index.php\/wp-json\/wp\/v2\/media?parent=671"}],"curies":[{"name":"wp","href":"https:\/\/api.w.org\/{rel}","templated":true}]}}