{"id":75054,"date":"2026-02-03T02:53:39","date_gmt":"2026-02-03T01:53:39","guid":{"rendered":"http:\/\/www.steevejosch.com\/?page_id=75054"},"modified":"2026-04-08T03:32:13","modified_gmt":"2026-04-08T01:32:13","slug":"tarif-mariage","status":"publish","type":"page","link":"https:\/\/www.steevejosch.com\/index.php\/tarif-mariage\/","title":{"rendered":"Tarifs mariages"},"content":{"rendered":"<div id=\"dslc-theme-content\"><div id=\"dslc-theme-content-inner\">\n<h1>\n\t\t\tTARIFS MARIAGES\t<\/h1>\n<figure itemscope itemtype=\"https:\/\/schema.org\/ImageObject\">\n\t\t\t\t<a href=\"https:\/\/www.steevejosch.com\/wp-content\/uploads\/2025\/07\/JPG-HD-241.jpg\"  target=\"_self\" itemprop=\"url\">\n\t\t\t\t<img decoding=\"async\" src=\"https:\/\/www.steevejosch.com\/wp-content\/uploads\/2025\/07\/JPG-HD-241.jpg\" alt=\"JPG HD-241\" height=\"1200\" width=\"800\" title=\"JPG HD-241\" onerror=\"this.style.display='none'\" loading=\"lazy\" \/>\n\t\t\t\t<\/a>\n\t<\/figure>\n<figure itemscope itemtype=\"https:\/\/schema.org\/ImageObject\">\n\t\t\t\t<a href=\"https:\/\/www.steevejosch.com\/wp-content\/uploads\/2026\/02\/JPG-494.jpg\"  target=\"_self\" itemprop=\"url\">\n\t\t\t\t<img decoding=\"async\" src=\"https:\/\/www.steevejosch.com\/wp-content\/uploads\/2026\/02\/JPG-494.jpg\" alt=\"JPG-494\" height=\"2016\" width=\"1344\" title=\"JPG-494\" onerror=\"this.style.display='none'\" loading=\"lazy\" \/>\n\t\t\t\t<\/a>\n\t<\/figure>\n<figure itemscope itemtype=\"https:\/\/schema.org\/ImageObject\">\n\t\t\t\t<a href=\"https:\/\/www.steevejosch.com\/wp-content\/uploads\/2026\/02\/JPEG-476-scaled.jpg\"  target=\"_self\" itemprop=\"url\">\n\t\t\t\t<img decoding=\"async\" src=\"https:\/\/www.steevejosch.com\/wp-content\/uploads\/2026\/02\/JPEG-476-scaled.jpg\" alt=\"JPEG-476\" height=\"1707\" width=\"2560\" title=\"JPEG-476\" onerror=\"this.style.display='none'\" loading=\"lazy\" \/>\n\t\t\t\t<\/a>\n\t<\/figure>\n<figure itemscope itemtype=\"https:\/\/schema.org\/ImageObject\">\n\t\t\t\t<a href=\"https:\/\/www.steevejosch.com\/wp-content\/uploads\/2026\/02\/JPG-776.jpg\"  target=\"_self\" itemprop=\"url\">\n\t\t\t\t<img decoding=\"async\" src=\"https:\/\/www.steevejosch.com\/wp-content\/uploads\/2026\/02\/JPG-776.jpg\" alt=\"JPG-776\" height=\"2016\" width=\"2017\" title=\"JPG-776\" onerror=\"this.style.display='none'\" loading=\"lazy\" \/>\n\t\t\t\t<\/a>\n\t<\/figure>\n<figure itemscope itemtype=\"https:\/\/schema.org\/ImageObject\">\n\t\t\t\t<a href=\"https:\/\/www.steevejosch.com\/wp-content\/uploads\/2026\/02\/Mariage-reportage-156.jpg-nggid041491-ngg0dyn-1080x1620x100-00f0w010c010r110f110r010t010.jpg\"  target=\"_self\" itemprop=\"url\">\n\t\t\t\t<img decoding=\"async\" src=\"https:\/\/www.steevejosch.com\/wp-content\/uploads\/2026\/02\/Mariage-reportage-156.jpg-nggid041491-ngg0dyn-1080x1620x100-00f0w010c010r110f110r010t010.jpg\" alt=\"Mariage-reportage-156.jpg-nggid041491-ngg0dyn-1080x1620x100-00f0w010c010r110f110r010t010\" height=\"1200\" width=\"800\" title=\"Mariage-reportage-156.jpg-nggid041491-ngg0dyn-1080x1620x100-00f0w010c010r110f110r010t010\" onerror=\"this.style.display='none'\" loading=\"lazy\" \/>\n\t\t\t\t<\/a>\n\t<\/figure>\n<figure itemscope itemtype=\"https:\/\/schema.org\/ImageObject\">\n\t\t\t\t<a href=\"https:\/\/www.steevejosch.com\/wp-content\/uploads\/2026\/02\/4E5A7581-1-scaled.jpg\"  target=\"_self\" itemprop=\"url\">\n\t\t\t\t<img decoding=\"async\" src=\"https:\/\/www.steevejosch.com\/wp-content\/uploads\/2026\/02\/4E5A7581-1-scaled.jpg\" alt=\"4E5A7581\" height=\"1707\" width=\"2560\" title=\"4E5A7581\" onerror=\"this.style.display='none'\" loading=\"lazy\" \/>\n\t\t\t\t<\/a>\n\t<\/figure>\n\t\t\t<a href=\"https:\/\/www.steevejosch.com\/index.php\/mariage-reportage\/\"  target=\"_self\">\n\t\t\t\t\t\t\tGalerie reportage\n\t\t\t\t\t<\/a>\n\t\t\t<a href=\"https:\/\/www.steevejosch.com\/index.php\/mariage-portraits-couples\/\"  target=\"_self\">\n\t\t\t\t\t\t\tGalerie portraits\n\t\t\t\t\t<\/a>\n<h3>\n\t\t\tPour immortaliser votre grand jour, je vous propose 2 forfaits :\t<\/h3>\n\t<h3><img loading=\"lazy\" decoding=\"async\" src=\"http:\/\/www.steevejosch.com\/wp-content\/uploads\/2026\/02\/or-300x300.png\" alt=\"\" width=\"300\" height=\"300\" \/><\/h3>\n<h3>Forfait GOLD<\/h3>\n<hr \/>\n<h3>1590 \u20ac<\/h3>\n<h4>Couverture photographique de la journ\u00e9e et soir\u00e9e enti\u00e8re, incluant :<\/h4>\n<h4>\u00b7 Les pr\u00e9paratifs<br \/>\n\u00b7 La mairie<br \/>\n\u00b7 La c\u00e9r\u00e9monie<br \/>\n\u00b7 Le vin d'honneur<br \/>\n\u00b7 Le d\u00eener<br \/>\n\u00b7 L'arriv\u00e9e du dessert<br \/>\n\u00b7 La soir\u00e9e \/ danse \/ ambiance<\/h4>\n\t<h4>o Pr\u00e9sence assur\u00e9e jusqu'\u00e0 1h\/2h du matin selon le d\u00e9roul\u00e9 pour capturer chaque instant.<\/h4>\n<h4>o Une s\u00e9ance de portraits de vous 2 est pr\u00e9vue le jour J.<\/h4>\n\n<h4>Si le planning est serr\u00e9, une session peut \u00eatre organis\u00e9e le jour de votre choix, pour prendre le temps n\u00e9cessaire et r\u00e9aliser des photos \u00e0 votre image, avec possibilit\u00e9 de<br \/>\nplusieurs lieux et th\u00e8mes<\/h4>\n<h4>(suppl\u00e9ment : 350 \u20ac).<\/h4>\n\t<h3><img loading=\"lazy\" decoding=\"async\" src=\"http:\/\/www.steevejosch.com\/wp-content\/uploads\/2026\/02\/qrgent-300x300.png\" alt=\"\" width=\"300\" height=\"300\" \/><\/h3>\n<h3>Forfait SILVER<\/h3>\n<hr \/>\n<h3>1390 \u20ac<\/h3>\n<h4>Couverture photographique de la journ\u00e9e, incluant :<br \/>\n\u00b7 Les pr\u00e9paratifs<br \/>\n\u00b7 La mairie<br \/>\n\u00b7 La c\u00e9r\u00e9monie<br \/>\n\u00b7 Le vin d'honneur<\/h4>\n<p>&nbsp;<\/p>\n<p>&nbsp;<\/p>\n<p>&nbsp;<\/p>\n\t<h4>o Pr\u00e9sence assur\u00e9e jusqu'\u00e0 la fin du vin d'honneur.<\/h4>\n<h4>o Une s\u00e9ance de portraits de vous 2 est pr\u00e9vue le jour J.<\/h4>\n<p>&nbsp;<\/p>\n<h4>Si le planning est serr\u00e9, une session peut \u00eatre organis\u00e9e le jour de votre choix, pour prendre le temps n\u00e9cessaire et r\u00e9aliser des photos \u00e0 votre image, avec possibilit\u00e9 de<br \/>\nplusieurs lieux et th\u00e8mes<\/h4>\n<h4>(suppl\u00e9ment : 350 \u20ac).<\/h4>\n\t\t\t<a href=\"https:\/\/www.steevejosch.com\/index.php\/contact\/\"  target=\"_self\">\n\t\t\t\t\t\t\tContactez-moi\n\t\t\t\t\t<\/a>\n<h1>\n\t\t\tOPTION PHOTOBOOTH\t<\/h1>\n\t<h3>Location d'une box photo tactile avec \u00e9clairage studio<\/h3>\n<h3>\u00b7 100 % personnalisable (mise en page, nombre de photos, etc.) en lien avec votre th\u00e8me.<br \/>\nTarif : 250 \u20ac<\/h3>\n<h3>Vous souhaitez que vos invit\u00e9s repartent avec leurs photos au format 10x15 ?<br \/>\nOption impression rapide directe : 150 \u20ac<\/h3>\n<figure data-animation-delay=\"0\" data-animation-duration=\"1\" itemscope itemtype=\"https:\/\/schema.org\/ImageObject\">\n\t\t\t\t<img decoding=\"async\" src=\"https:\/\/www.steevejosch.com\/wp-content\/uploads\/2026\/02\/Black-and-White-Monochrome-Photo-Collage-Motivational-Desktop-Wallpaper-1-1536x864.jpg\" alt=\"Black and White Monochrome Photo Collage Motivational Desktop Wallpaper\" height=\"675\" width=\"1200\" title=\"Black and White Monochrome Photo Collage Motivational Desktop Wallpaper\" onerror=\"this.style.display='none'\" loading=\"lazy\" \/>\n\t<\/figure>\n<figure itemscope itemtype=\"https:\/\/schema.org\/ImageObject\">\n\t\t\t\t<a href=\"https:\/\/www.steevejosch.com\/wp-content\/uploads\/2026\/02\/Capture-decran-2025-07-23-163247.png\"  target=\"_self\" itemprop=\"url\">\n\t\t\t\t<img decoding=\"async\" src=\"https:\/\/www.steevejosch.com\/wp-content\/uploads\/2026\/02\/Capture-decran-2025-07-23-163247.png\" alt=\"Capture d&#039;\u00e9cran 2025-07-23 163247\" height=\"1019\" width=\"691\" title=\"Capture d&#039;\u00e9cran 2025-07-23 163247\" onerror=\"this.style.display='none'\" loading=\"lazy\" \/>\n\t\t\t\t<\/a>\n\t<\/figure>\n<figure itemscope itemtype=\"https:\/\/schema.org\/ImageObject\">\n\t\t\t\t<a href=\"https:\/\/www.steevejosch.com\/wp-content\/uploads\/2026\/02\/Capture-decran-2026-02-04-231256.png\"  target=\"_self\" itemprop=\"url\">\n\t\t\t\t<img decoding=\"async\" src=\"https:\/\/www.steevejosch.com\/wp-content\/uploads\/2026\/02\/Capture-decran-2026-02-04-231256.png\" alt=\"Capture d&#039;\u00e9cran 2026-02-04 231256\" height=\"1238\" width=\"815\" title=\"Capture d&#039;\u00e9cran 2026-02-04 231256\" onerror=\"this.style.display='none'\" loading=\"lazy\" \/>\n\t\t\t\t<\/a>\n\t<\/figure>\n<figure itemscope itemtype=\"https:\/\/schema.org\/ImageObject\">\n\t\t\t\t<a href=\"https:\/\/www.steevejosch.com\/wp-content\/uploads\/2026\/02\/E5A5215-scaled.jpg\"  target=\"_self\" itemprop=\"url\">\n\t\t\t\t<img decoding=\"async\" src=\"https:\/\/www.steevejosch.com\/wp-content\/uploads\/2026\/02\/E5A5215-scaled.jpg\" alt=\"_E5A5215\" height=\"2560\" width=\"1707\" title=\"_E5A5215\" onerror=\"this.style.display='none'\" loading=\"lazy\" \/>\n\t\t\t\t<\/a>\n\t<\/figure>\n<figure itemscope itemtype=\"https:\/\/schema.org\/ImageObject\">\n\t\t\t\t<a href=\"https:\/\/www.steevejosch.com\/wp-content\/uploads\/2026\/02\/Capture-decran-2026-02-04-231310.png\"  target=\"_self\" itemprop=\"url\">\n\t\t\t\t<img decoding=\"async\" src=\"https:\/\/www.steevejosch.com\/wp-content\/uploads\/2026\/02\/Capture-decran-2026-02-04-231310.png\" alt=\"Capture d&#039;\u00e9cran 2026-02-04 231310\" height=\"1176\" width=\"825\" title=\"Capture d&#039;\u00e9cran 2026-02-04 231310\" onerror=\"this.style.display='none'\" loading=\"lazy\" \/>\n\t\t\t\t<\/a>\n\t<\/figure>\n<figure itemscope itemtype=\"https:\/\/schema.org\/ImageObject\">\n\t\t\t\t<img decoding=\"async\" src=\"https:\/\/www.steevejosch.com\/wp-content\/plugins\/beaver-builder-lite-version\/img\/pixel.png\" alt=\"\" onerror=\"this.style.display='none'\" loading=\"lazy\" \/>\n\t<\/figure>\n<figure itemscope itemtype=\"https:\/\/schema.org\/ImageObject\">\n\t\t\t\t<a href=\"https:\/\/www.steevejosch.com\/wp-content\/uploads\/2026\/02\/84684537_10157092928328284_5309534147222437888_n.jpg\"  target=\"_self\" itemprop=\"url\">\n\t\t\t\t<img decoding=\"async\" src=\"https:\/\/www.steevejosch.com\/wp-content\/uploads\/2026\/02\/84684537_10157092928328284_5309534147222437888_n.jpg\" alt=\"84684537_10157092928328284_5309534147222437888_n\" height=\"1620\" width=\"1080\" title=\"84684537_10157092928328284_5309534147222437888_n\" onerror=\"this.style.display='none'\" loading=\"lazy\" \/>\n\t\t\t\t<\/a>\n\t<\/figure>\n\t\t\t<a href=\"https:\/\/www.steevejosch.com\/index.php\/mariage-reportage\/\"  target=\"_self\">\n\t\t\t\t\t\t\tGalerie reportage\n\t\t\t\t\t<\/a>\n\t\t\t<a href=\"https:\/\/www.steevejosch.com\/index.php\/mariage-portraits-couples\/\"  target=\"_self\">\n\t\t\t\t\t\t\tGalerie portraits\n\t\t\t\t\t<\/a>\n<h2  data-animation-delay=\"0\" data-animation-duration=\"1\">\n\t\t<a href=\"http:\/\/www.steevejosch.com\/index.php\/contact\/\" title=\"Vous avez des questions ?\"  target=\"_self\">\n\t\t\t<strong>Vous avez des questions ?\t\t<\/strong><\/a>\n\t<\/h2>\n\t\t\t<a href=\"https:\/\/www.steevejosch.com\/index.php\/contact\/\"  target=\"_self\">\n\t\t\t\t\t\t\tContactez-moi\n\t\t\t\t\t<\/a>\n\t<h4><strong>Je reste \u00e0 votre disposition pour toute question suppl\u00e9mentaire.<\/strong><br \/>\n<strong>  Organisons une rencontre ou un appel !<\/strong><br \/>\n<strong>  \u00c0 bient\u00f4t !<\/strong><\/h4>\n<p><img loading=\"lazy\" decoding=\"async\" src=\"http:\/\/www.steevejosch.com\/wp-content\/uploads\/2026\/02\/Capture-decran-2025-07-23-162952-1024x707.png\" sizes=\"auto, (max-width: 1024px) 100vw, 1024px\" srcset=\"https:\/\/www.steevejosch.com\/wp-content\/uploads\/2026\/02\/Capture-decran-2025-07-23-162952-1024x707.png 1024w, https:\/\/www.steevejosch.com\/wp-content\/uploads\/2026\/02\/Capture-decran-2025-07-23-162952-300x207.png 300w, https:\/\/www.steevejosch.com\/wp-content\/uploads\/2026\/02\/Capture-decran-2025-07-23-162952-768x530.png 768w, https:\/\/www.steevejosch.com\/wp-content\/uploads\/2026\/02\/Capture-decran-2025-07-23-162952.png 1387w\" alt=\"\" width=\"1024\" height=\"707\" \/><\/p>\n\t<p>Photographe professionnel situ\u00e9 \u00e0 Brumath \u00e0 15 minutes de Strasbourg, sp\u00e9cialis\u00e9 dans les s\u00e9ances portraits, corporate, produits, mode, grossesse, naissance, famille, mariages, reportages, packshots, immobilier.<\/p>\n<p>Vid\u00e9aste professionnel situ\u00e9 \u00e0 Brumath \u00e0 15 minutes de Strasbourg, sp\u00e9cialis\u00e9 dans les videos promotionelles et clip.<\/p>\n\n<\/div><\/div>","protected":false},"excerpt":{"rendered":"<p>TARIFS MARIAGES Galerie reportage Galerie portraits Pour immortaliser votre grand jour, je vous propose 2 forfaits : Forfait GOLD 1590 \u20ac Couverture photographique de la journ\u00e9e et soir\u00e9e enti\u00e8re, incluant : \u00b7 Les pr\u00e9paratifs \u00b7 La mairie \u00b7 La c\u00e9r\u00e9monie \u00b7 Le vin d'honneur \u00b7 Le d\u00eener \u00b7 L'arriv\u00e9e du dessert \u00b7 La soir\u00e9e \/ ...<\/p>\n","protected":false},"author":1,"featured_media":0,"parent":0,"menu_order":0,"comment_status":"closed","ping_status":"closed","template":"","meta":{"ngg_post_thumbnail":0,"footnotes":""},"class_list":["post-75054","page","type-page","status-publish","hentry"],"_links":{"self":[{"href":"https:\/\/www.steevejosch.com\/index.php\/wp-json\/wp\/v2\/pages\/75054","targetHints":{"allow":["GET"]}}],"collection":[{"href":"https:\/\/www.steevejosch.com\/index.php\/wp-json\/wp\/v2\/pages"}],"about":[{"href":"https:\/\/www.steevejosch.com\/index.php\/wp-json\/wp\/v2\/types\/page"}],"author":[{"embeddable":true,"href":"https:\/\/www.steevejosch.com\/index.php\/wp-json\/wp\/v2\/users\/1"}],"replies":[{"embeddable":true,"href":"https:\/\/www.steevejosch.com\/index.php\/wp-json\/wp\/v2\/comments?post=75054"}],"version-history":[{"count":19,"href":"https:\/\/www.steevejosch.com\/index.php\/wp-json\/wp\/v2\/pages\/75054\/revisions"}],"predecessor-version":[{"id":75691,"href":"https:\/\/www.steevejosch.com\/index.php\/wp-json\/wp\/v2\/pages\/75054\/revisions\/75691"}],"wp:attachment":[{"href":"https:\/\/www.steevejosch.com\/index.php\/wp-json\/wp\/v2\/media?parent=75054"}],"curies":[{"name":"wp","href":"https:\/\/api.w.org\/{rel}","templated":true}]}}