{"id":75493,"date":"2026-04-01T02:19:42","date_gmt":"2026-04-01T00:19:42","guid":{"rendered":"https:\/\/www.steevejosch.com\/?page_id=75493"},"modified":"2026-04-08T03:31:53","modified_gmt":"2026-04-08T01:31:53","slug":"tarifs-shooting","status":"publish","type":"page","link":"https:\/\/www.steevejosch.com\/index.php\/tarifs-shooting\/","title":{"rendered":"Tarifs shootings book - portraits"},"content":{"rendered":"<div id=\"dslc-theme-content\"><div id=\"dslc-theme-content-inner\">\n<h1>\n\t\t\tTARIFS S\u00c9ANCES PHOTOS - BOOK\t<\/h1>\n\t<h3>Offrez-vous une exp\u00e9rience photo compl\u00e8te, pens\u00e9e pour r\u00e9v\u00e9ler votre style et votre personnalit\u00e9.<\/h3>\n<figure data-animation-delay=\"0\" data-animation-duration=\"1\" itemscope itemtype=\"https:\/\/schema.org\/ImageObject\">\n\t\t\t\t<a href=\"https:\/\/www.steevejosch.com\/wp-content\/uploads\/2026\/04\/IMG_6661-Copie.jpg\"  target=\"_self\" itemprop=\"url\">\n\t\t\t\t<img decoding=\"async\" src=\"https:\/\/www.steevejosch.com\/wp-content\/uploads\/2026\/04\/IMG_6661-Copie.jpg\" alt=\"IMG_6661 - Copie\" height=\"1344\" width=\"2016\" title=\"IMG_6661 - Copie\" onerror=\"this.style.display='none'\" loading=\"lazy\" \/>\n\t\t\t\t<\/a>\n\t<\/figure>\n<figure data-animation-delay=\"0\" data-animation-duration=\"1\" itemscope itemtype=\"https:\/\/schema.org\/ImageObject\">\n\t\t\t\t<a href=\"https:\/\/www.steevejosch.com\/wp-content\/uploads\/2026\/04\/202301567-Copie.jpg\"  target=\"_self\" itemprop=\"url\">\n\t\t\t\t<img decoding=\"async\" src=\"https:\/\/www.steevejosch.com\/wp-content\/uploads\/2026\/04\/202301567-Copie.jpg\" alt=\"202301567 - Copie\" height=\"1683\" width=\"1122\" title=\"202301567 - Copie\" onerror=\"this.style.display='none'\" loading=\"lazy\" \/>\n\t\t\t\t<\/a>\n\t<\/figure>\n<figure data-animation-delay=\"0\" data-animation-duration=\"1\" itemscope itemtype=\"https:\/\/schema.org\/ImageObject\">\n\t\t\t\t<a href=\"https:\/\/www.steevejosch.com\/wp-content\/uploads\/2026\/04\/E5A3608.jpg\"  target=\"_self\" itemprop=\"url\">\n\t\t\t\t<img decoding=\"async\" src=\"https:\/\/www.steevejosch.com\/wp-content\/uploads\/2026\/04\/E5A3608.jpg\" alt=\"_E5A3608\" height=\"480\" width=\"320\" title=\"_E5A3608\" onerror=\"this.style.display='none'\" loading=\"lazy\" \/>\n\t\t\t\t<\/a>\n\t<\/figure>\n<figure data-animation-delay=\"0\" data-animation-duration=\"1\" itemscope itemtype=\"https:\/\/schema.org\/ImageObject\">\n\t\t\t\t<a href=\"https:\/\/www.steevejosch.com\/wp-content\/uploads\/2026\/04\/IMG_9498-2-Copie.jpg\"  target=\"_self\" itemprop=\"url\">\n\t\t\t\t<img decoding=\"async\" src=\"http:\/\/www.steevejosch.com\/wp-content\/uploads\/2026\/04\/IMG_9498-2-Copie.jpg\" alt=\"IMG_9498 (2) - Copie\" title=\"IMG_9498 (2) - Copie\" onerror=\"this.style.display='none'\" loading=\"lazy\" \/>\n\t\t\t\t<\/a>\n\t<\/figure>\n<figure data-animation-delay=\"0\" data-animation-duration=\"1\" itemscope itemtype=\"https:\/\/schema.org\/ImageObject\">\n\t\t\t\t<a href=\"https:\/\/www.steevejosch.com\/wp-content\/uploads\/2026\/04\/E5A8886-scaled.jpg\"  target=\"_self\" itemprop=\"url\">\n\t\t\t\t<img decoding=\"async\" src=\"http:\/\/www.steevejosch.com\/wp-content\/uploads\/2026\/04\/E5A8886-scaled.jpg\" alt=\"_E5A8886\" title=\"_E5A8886\" onerror=\"this.style.display='none'\" loading=\"lazy\" \/>\n\t\t\t\t<\/a>\n\t<\/figure>\n<figure data-animation-delay=\"0\" data-animation-duration=\"1\" itemscope itemtype=\"https:\/\/schema.org\/ImageObject\">\n\t\t\t\t<a href=\"https:\/\/www.steevejosch.com\/wp-content\/uploads\/2026\/04\/202300353-2-Copie.jpg\"  target=\"_self\" itemprop=\"url\">\n\t\t\t\t<img decoding=\"async\" src=\"http:\/\/www.steevejosch.com\/wp-content\/uploads\/2026\/04\/202300353-2-Copie.jpg\" alt=\"202300353 (2) - Copie\" title=\"202300353 (2) - Copie\" onerror=\"this.style.display='none'\" loading=\"lazy\" \/>\n\t\t\t\t<\/a>\n\t<\/figure>\n\t\t\t<a href=\"https:\/\/www.steevejosch.com\/index.php\/portraits-mode\/\"  target=\"_self\">\n\t\t\t\t\t\t\tD\u00e9couvrir la galerie compl\u00e8te\n\t\t\t\t\t<\/a>\n\n\t<h3>Mon objectif ? Cr\u00e9er des images de vous fortes, modernes, intemporelles et<br \/>\nsurtout&#8230;<br \/>\nQUI VOUS RESSEMBLENT<\/h3>\n\t<h3><img loading=\"lazy\" decoding=\"async\" src=\"http:\/\/www.steevejosch.com\/wp-content\/uploads\/2026\/04\/cyber-1-300x300.png\" alt=\"\" width=\"300\" height=\"300\" \/><\/h3>\n<h3>S\u00e9ance Signature<\/h3>\n<hr \/>\n<h3>390 \u20ac<\/h3>\n<h3>Ce forfait comprend :<\/h3>\n<p>&nbsp;<\/p>\n<ul>\n<li data-section-id=\"1jgezv7\" data-start=\"290\" data-end=\"324\">\n<h4>30 photos retouch\u00e9es avec soin<\/h4>\n<\/li>\n<li data-section-id=\"1jgezv7\" data-start=\"290\" data-end=\"324\">\n<h4>Plusieurs fonds et styles de lumi\u00e8res\/ambiances<\/h4>\n<\/li>\n<li data-section-id=\"1ss4tj7\" data-start=\"325\" data-end=\"394\">\n<h4>Livraison en fichiers HD via lien priv\u00e9 (t\u00e9l\u00e9chargement)<\/h4>\n<\/li>\n<li data-section-id=\"eg04fx\" data-start=\"395\" data-end=\"441\">\n<h4>S\u00e9ance en studio \u00e0 Brumath ou en ext\u00e9rieur<\/h4>\n<\/li>\n<li data-section-id=\"qqpi5a\" data-start=\"442\" data-end=\"497\">\n<h4>Accompagnement artistique tout au long de la s\u00e9ance<\/h4>\n<\/li>\n<\/ul>\n<h5><img decoding=\"async\" role=\"img\" draggable=\"false\" src=\"https:\/\/s.w.org\/images\/core\/emoji\/17.0.2\/svg\/1f449.svg\" alt=\"\ud83d\udc49\" \/> <em data-start=\"1763\" data-end=\"1842\">La majorit\u00e9 des clients choisissent cette formule pour un rendu plus complet.<\/em><\/h5>\n\t<h3><img loading=\"lazy\" decoding=\"async\" src=\"http:\/\/www.steevejosch.com\/wp-content\/uploads\/2026\/04\/logo-noir-1-300x300.png\" alt=\"\" width=\"300\" height=\"300\" \/>S\u00e9ance Essentielle<\/h3>\n<hr \/>\n<h3>290 \u20ac<\/h3>\n<h3>Ce forfait comprend :<\/h3>\n<p>&nbsp;<\/p>\n<ul>\n<li data-section-id=\"1jgezv7\" data-start=\"290\" data-end=\"324\">\n<h4>15 photos retouch\u00e9es avec soin<\/h4>\n<\/li>\n<li data-section-id=\"1jgezv7\" data-start=\"290\" data-end=\"324\">\n<h4>Un fond au choix<\/h4>\n<\/li>\n<li data-section-id=\"1ss4tj7\" data-start=\"325\" data-end=\"394\">\n<h4>Livraison en fichiers HD via lien priv\u00e9 (t\u00e9l\u00e9chargement)<\/h4>\n<\/li>\n<li data-section-id=\"eg04fx\" data-start=\"395\" data-end=\"441\">\n<h4>S\u00e9ance en studio \u00e0 Brumath ou en ext\u00e9rieur<\/h4>\n<\/li>\n<li data-section-id=\"qqpi5a\" data-start=\"442\" data-end=\"497\">\n<h4>Accompagnement artistique tout au long de la s\u00e9ance<\/h4>\n<\/li>\n<\/ul>\n<h5><strong>\u00a0 \u00a0 \u00a0 \u00a0 \u00a0 <\/strong><\/h5>\n<h5><strong>\u00a0 \u00a0 \u00a0 \u00a0 \u00a0 \u00a0 \u00a0 \u00a0 \u00a0\u00a0<\/strong><\/h5>\n\t<h3><img decoding=\"async\" role=\"img\" draggable=\"false\" src=\"https:\/\/s.w.org\/images\/core\/emoji\/17.0.2\/svg\/2728.svg\" alt=\"\u2728\" \/>Options<\/h3>\n<ul>\n<li>\n<h3>Photo suppl\u00e9mentaire : +10\u20ac<\/h3>\n<\/li>\n<li>\n<h3>Maquilleuse professionnelle : sur devis<\/h3>\n<\/li>\n<li>\n<h3>Livraison express (48h) : +40\u20ac<\/h3>\n<\/li>\n<li>\n<h3>Tirages\u00a0 sp\u00e9ciaux (alu ,plexi etc.) \u00e0 partir de 25\u20ac.<\/h3>\n<\/li>\n<\/ul>\n\t<h1>R\u00e9server votre s\u00e9ance<br \/>\nPour vous offrir la meilleure exp\u00e9rience photo, et vous garantir un r\u00e9sultat de qualit\u00e9, je limite les cr\u00e9neaux ouverts<\/h1>\n<h1><img decoding=\"async\" role=\"img\" draggable=\"false\" src=\"https:\/\/s.w.org\/images\/core\/emoji\/17.0.2\/svg\/1f4e9.svg\" alt=\"\ud83d\udce9\" \/> Contactez-moi pour planifier votre s\u00e9ance :<\/h1>\n<h1><a href=\"https:\/\/www.steevejosch.com\/index.php\/contact\/\">Par mail via ce formulaire<\/a>.<\/h1>\n<h1>Ou par t\u00e9l\u00e9phone au 06 72 22 74 39<\/h1>\n\t\t\t<a href=\"https:\/\/www.steevejosch.com\/index.php\/contact\/\"  target=\"_self\">\n\t\t\t\t\t\t\tContactez-moi\n\t\t\t\t\t<\/a>\n\t<h3 data-section-id=\"14d8fcw\" data-start=\"561\" data-end=\"604\"><\/h3>\n<h3 data-section-id=\"14d8fcw\" data-start=\"561\" data-end=\"604\"><strong>Plus qu'une exp\u00e9rience photo :<\/strong><br \/>\n<strong>chaque s\u00e9ance est construite sur mesure.<\/strong><\/h3>\n<h3 data-section-id=\"14d8fcw\" data-start=\"561\" data-end=\"604\">Je vous accompagne tout au long du shooting pour obtenir des images<br \/>\nnaturelles, uniques, profond\u00e9ment fid\u00e8les \u00e0 votre personnalit\u00e9. <\/h3>\n<h3 data-section-id=\"14d8fcw\" data-start=\"561\" data-end=\"604\">L'id\u00e9e : vous montrer telle que vous \u00eates, et parfois m\u00eame vous<br \/>\nr\u00e9v\u00e9ler sous un jour encore inattendu. M\u00eame sans aucune exp\u00e9rience devant<br \/>\nl'objectif.<\/h3>\n<h3 data-section-id=\"14d8fcw\" data-start=\"561\" data-end=\"604\">En studio \u00e0 Brumath ou dans le lieu de votre choix, nous d\u00e9finissons ensemble<br \/>\nles univers qui vous ressemblent. Cela me permet de cr\u00e9er diff\u00e9rentes<br \/>\nambiances, pour varier les styles et r\u00e9pondre au mieux \u00e0 vos envies.<\/h3>\n<h3 data-section-id=\"14d8fcw\" data-start=\"561\" data-end=\"604\">\n<strong>Une signature visuelle forte, au service de votre image<\/strong><\/h3>\n<h3 data-section-id=\"14d8fcw\" data-start=\"561\" data-end=\"604\">\nVotre s\u00e9ance est l'occasion de cr\u00e9er des images \u00e0 la fois vari\u00e9es et coh\u00e9rentes,<br \/>\nen jouant sur plusieurs registres visuels : fonds \u00e9pur\u00e9s, contrastes de lumi\u00e8re,<br \/>\ninspirations mode ou portrait \u00e9ditorial&#8230;<br \/>\nCette diversit\u00e9 me permet de composer une s\u00e9ance plus riche, plus vivante,<br \/>\ntout en restant fid\u00e8le \u00e0 votre univers.<\/h3>\n<h3 data-start=\"1161\" data-end=\"1219\"><strong>Tenues &amp; pr\u00e9paration<\/strong><\/h3>\n<h3>Vous pouvez apporter autant de tenues que vous le souhaitez.<br data-start=\"934\" data-end=\"937\" \/>Plus vous avez de choix, plus nous pourrons explorer des styles diff\u00e9rents et plus la s\u00e9ance est cr\u00e9ative.<\/h3>\n<h3 data-section-id=\"59p6pj\" data-start=\"1047\" data-end=\"1059\"><strong>Dur\u00e9e<\/strong><\/h3>\n<h3>La s\u00e9ance dure en moyenne 2 \u00e0 3 heures en studio \u00e0 Brumath \u00e0 15 minutes de strasbourg, afin de prendre le temps de varier les ambiances et d'obtenir le meilleur rendu.<\/h3>\n<h3 data-section-id=\"1seihwe\" data-start=\"1212\" data-end=\"1236\"><strong>Option maquillage<\/strong><\/h3>\n<h3>Pour un rendu encore plus professionnel, vous avez la possibilit\u00e9 d'ajouter une maquilleuse professionnelle en option.<\/h3>\n<h2>\n\t\t\t<img decoding=\"async\" alt=\"\ud83c\udf81\" src=\"https:\/\/s.w.org\/images\/core\/emoji\/17.0.2\/svg\/1f381.svg\" draggable=\"false\" role=\"img\"\/> Offrir une s\u00e9ance photo\t<\/h2>\n\t<h3>Offrez une exp\u00e9rience unique, un moment \u00e0 vivre pleinement, des souvenirs qui<br \/>\nrestent&#8230;<\/h3>\n<figure data-animation-delay=\"0\" data-animation-duration=\"1\" itemscope itemtype=\"https:\/\/schema.org\/ImageObject\">\n\t\t\t\t<img decoding=\"async\" src=\"http:\/\/www.steevejosch.com\/wp-content\/uploads\/2026\/04\/Black-and-White-Monochrome-Photo-Collage-Motivational-Desktop-Wallpaper-1536x864.jpg\" alt=\"Black and White Monochrome Photo Collage Motivational Desktop Wallpaper\" title=\"Black and White Monochrome Photo Collage Motivational Desktop Wallpaper\" onerror=\"this.style.display='none'\" loading=\"lazy\" \/>\n\t<\/figure>\n\t\n<h3>Une id\u00e9e parfaite pour :<\/h3>\n<h3>Un anniversaire<\/h3>\n<h3>Un\u00a0couple<\/h3>\n<h3>Une grossesse<\/h3>\n<h3>ou simplement faire plaisir<\/h3>\n<h3>Bon cadeau digital (envoy\u00e9 rapidement par email)<\/h3>\n<h3>Possibilit\u00e9 de version imprim\u00e9e sur demande<\/h3>\n<h3>\"Parfait pour un cadeau de derni\u00e8re minute <img decoding=\"async\" role=\"img\" draggable=\"false\" src=\"https:\/\/s.w.org\/images\/core\/emoji\/17.0.2\/svg\/1f381.svg\" alt=\"\ud83c\udf81\" \/>\"<\/h3>\n<figure itemscope itemtype=\"https:\/\/schema.org\/ImageObject\">\n\t\t\t\t<a href=\"https:\/\/www.steevejosch.com\/wp-content\/uploads\/2026\/04\/Sans-titre-3-2.jpg\"  target=\"_self\" itemprop=\"url\">\n\t\t\t\t<img decoding=\"async\" src=\"https:\/\/www.steevejosch.com\/wp-content\/uploads\/2026\/04\/Sans-titre-3-2.jpg\" alt=\"Sans titre-3 (2)\" height=\"480\" width=\"320\" title=\"Sans titre-3 (2)\" onerror=\"this.style.display='none'\" loading=\"lazy\" \/>\n\t\t\t\t<\/a>\n\t<\/figure>\n<figure itemscope itemtype=\"https:\/\/schema.org\/ImageObject\">\n\t\t\t\t<a href=\"https:\/\/www.steevejosch.com\/wp-content\/uploads\/2026\/04\/magnific-rgilWIs4M0G9ZWWa3ObT-c-Copie.jpg\"  target=\"_self\" itemprop=\"url\">\n\t\t\t\t<img decoding=\"async\" src=\"https:\/\/www.steevejosch.com\/wp-content\/uploads\/2026\/04\/magnific-rgilWIs4M0G9ZWWa3ObT-c-Copie.jpg\" alt=\"magnific-rgilWIs4M0G9ZWWa3ObT-c - Copie\" height=\"806\" width=\"538\" title=\"magnific-rgilWIs4M0G9ZWWa3ObT-c - Copie\" onerror=\"this.style.display='none'\" loading=\"lazy\" \/>\n\t\t\t\t<\/a>\n\t<\/figure>\n<figure itemscope itemtype=\"https:\/\/schema.org\/ImageObject\">\n\t\t\t\t<a href=\"https:\/\/www.steevejosch.com\/wp-content\/uploads\/2026\/04\/IMG_9555-2-Copie.jpg\"  target=\"_self\" itemprop=\"url\">\n\t\t\t\t<img decoding=\"async\" src=\"https:\/\/www.steevejosch.com\/wp-content\/uploads\/2026\/04\/IMG_9555-2-Copie.jpg\" alt=\"IMG_9555 (2) - Copie\" height=\"1734\" width=\"1156\" title=\"IMG_9555 (2) - Copie\" onerror=\"this.style.display='none'\" loading=\"lazy\" \/>\n\t\t\t\t<\/a>\n\t<\/figure>\n<figure itemscope itemtype=\"https:\/\/schema.org\/ImageObject\">\n\t\t\t\t<a href=\"https:\/\/www.steevejosch.com\/wp-content\/uploads\/2026\/04\/E5A9821-Copie.jpg\"  target=\"_self\" itemprop=\"url\">\n\t\t\t\t<img decoding=\"async\" src=\"https:\/\/www.steevejosch.com\/wp-content\/uploads\/2026\/04\/E5A9821-Copie.jpg\" alt=\"_E5A9821 - Copie\" height=\"2016\" width=\"1344\" title=\"_E5A9821 - Copie\" onerror=\"this.style.display='none'\" loading=\"lazy\" \/>\n\t\t\t\t<\/a>\n\t<\/figure>\n<figure itemscope itemtype=\"https:\/\/schema.org\/ImageObject\">\n\t\t\t\t<a href=\"https:\/\/www.steevejosch.com\/wp-content\/uploads\/2026\/04\/4E5A9836-copie-2.jpg\"  target=\"_self\" itemprop=\"url\">\n\t\t\t\t<img decoding=\"async\" src=\"https:\/\/www.steevejosch.com\/wp-content\/uploads\/2026\/04\/4E5A9836-copie-2.jpg\" alt=\"4E5A9836 copie (2)\" height=\"480\" width=\"320\" title=\"4E5A9836 copie (2)\" onerror=\"this.style.display='none'\" loading=\"lazy\" \/>\n\t\t\t\t<\/a>\n\t<\/figure>\n<figure itemscope itemtype=\"https:\/\/schema.org\/ImageObject\">\n\t\t\t\t<a href=\"https:\/\/www.steevejosch.com\/wp-content\/uploads\/2026\/04\/E5A5266-3.jpg\"  target=\"_self\" itemprop=\"url\">\n\t\t\t\t<img decoding=\"async\" src=\"https:\/\/www.steevejosch.com\/wp-content\/uploads\/2026\/04\/E5A5266-3.jpg\" alt=\"_E5A5266 3\" height=\"480\" width=\"320\" title=\"_E5A5266 3\" onerror=\"this.style.display='none'\" loading=\"lazy\" \/>\n\t\t\t\t<\/a>\n\t<\/figure>\n\t\t\t<a href=\"https:\/\/www.steevejosch.com\/index.php\/portraits-mode\/\"  target=\"_self\">\n\t\t\t\t\t\t\tD\u00e9couvrir la galerie compl\u00e8te\n\t\t\t\t\t<\/a>\n<h2  data-animation-delay=\"0\" data-animation-duration=\"1\">\n\t\t<a href=\"http:\/\/www.steevejosch.com\/index.php\/contact\/\" title=\"Vous avez des questions ?\"  target=\"_self\">\n\t\t\t<strong>Vous avez des questions ?\t\t<\/strong><\/a>\n\t<\/h2>\n\t\t\t<a href=\"https:\/\/www.steevejosch.com\/index.php\/contact\/\"  target=\"_self\">\n\t\t\t\t\t\t\tContactez-moi\n\t\t\t\t\t<\/a>\n\t<h2><strong>Je reste \u00e0 votre disposition pour toute question suppl\u00e9mentaire.<\/strong><br \/>\n<strong>  Organisons une rencontre ou un appel !<\/strong><br \/>\n<strong>  \u00c0 bient\u00f4t !<\/strong><\/h2>\n\t<p>Photographe professionnel situ\u00e9 \u00e0 Brumath \u00e0 15 minutes de Strasbourg, sp\u00e9cialis\u00e9 dans les s\u00e9ances portraits, corporate, produits, mode, grossesse, naissance, famille, mariages, reportages, packshots, immobilier.<\/p>\n<p>Vid\u00e9aste professionnel situ\u00e9 \u00e0 Brumath \u00e0 15 minutes de Strasbourg, sp\u00e9cialis\u00e9 dans les videos promotionelles et clip.<\/p>\n\n<\/div><\/div>","protected":false},"excerpt":{"rendered":"<p>TARIFS S\u00c9ANCES PHOTOS - BOOK Offrez-vous une exp\u00e9rience photo compl\u00e8te, pens\u00e9e pour r\u00e9v\u00e9ler votre style et votre personnalit\u00e9. D\u00e9couvrir la galerie compl\u00e8te Mon objectif ? Cr\u00e9er des images de vous fortes, modernes, intemporelles et surtout&#8230; QUI VOUS RESSEMBLENT S\u00e9ance Signature 390 \u20ac Ce forfait comprend : &nbsp; 30 photos retouch\u00e9es avec soin Plusieurs fonds et ...<\/p>\n","protected":false},"author":1,"featured_media":0,"parent":0,"menu_order":0,"comment_status":"closed","ping_status":"closed","template":"","meta":{"ngg_post_thumbnail":0,"footnotes":""},"class_list":["post-75493","page","type-page","status-publish","hentry"],"_links":{"self":[{"href":"https:\/\/www.steevejosch.com\/index.php\/wp-json\/wp\/v2\/pages\/75493","targetHints":{"allow":["GET"]}}],"collection":[{"href":"https:\/\/www.steevejosch.com\/index.php\/wp-json\/wp\/v2\/pages"}],"about":[{"href":"https:\/\/www.steevejosch.com\/index.php\/wp-json\/wp\/v2\/types\/page"}],"author":[{"embeddable":true,"href":"https:\/\/www.steevejosch.com\/index.php\/wp-json\/wp\/v2\/users\/1"}],"replies":[{"embeddable":true,"href":"https:\/\/www.steevejosch.com\/index.php\/wp-json\/wp\/v2\/comments?post=75493"}],"version-history":[{"count":14,"href":"https:\/\/www.steevejosch.com\/index.php\/wp-json\/wp\/v2\/pages\/75493\/revisions"}],"predecessor-version":[{"id":75690,"href":"https:\/\/www.steevejosch.com\/index.php\/wp-json\/wp\/v2\/pages\/75493\/revisions\/75690"}],"wp:attachment":[{"href":"https:\/\/www.steevejosch.com\/index.php\/wp-json\/wp\/v2\/media?parent=75493"}],"curies":[{"name":"wp","href":"https:\/\/api.w.org\/{rel}","templated":true}]}}