{"id":75581,"date":"2026-04-04T04:02:24","date_gmt":"2026-04-04T02:02:24","guid":{"rendered":"https:\/\/www.steevejosch.com\/?page_id=75581"},"modified":"2026-04-05T01:37:36","modified_gmt":"2026-04-04T23:37:36","slug":"boncadeau","status":"publish","type":"page","link":"https:\/\/www.steevejosch.com\/index.php\/boncadeau\/","title":{"rendered":"Bon cadeau"},"content":{"rendered":"<div id=\"dslc-theme-content\"><div id=\"dslc-theme-content-inner\">\n<h2>\n\t\t\tBon cadeau - S\u00e9ance photo\t<\/h2>\n\t\n<h3>Offrez bien plus qu'un objet.<br \/>\nOffrez une exp\u00e9rience, un moment \u00e0 vivre, et des souvenirs qui resteront.<\/h3>\n<figure data-animation-delay=\"0\" data-animation-duration=\"1\" itemscope itemtype=\"https:\/\/schema.org\/ImageObject\">\n\t\t\t\t<img decoding=\"async\" src=\"http:\/\/www.steevejosch.com\/wp-content\/uploads\/2026\/04\/Black-and-White-Monochrome-Photo-Collage-Motivational-Desktop-Wallpaper-1536x864.jpg\" alt=\"Black and White Monochrome Photo Collage Motivational Desktop Wallpaper\" title=\"Black and White Monochrome Photo Collage Motivational Desktop Wallpaper\" onerror=\"this.style.display='none'\" loading=\"lazy\" \/>\n\t<\/figure>\n\t\n<h1 data-section-id=\"1l2095l\" data-start=\"294\" data-end=\"329\">Une id\u00e9e de cadeau intemporelle<\/h1>\n<h3 data-start=\"331\" data-end=\"462\">Un bon cadeau permet d'offrir une s\u00e9ance photo dans un cadre professionnel, avec un accompagnement personnalis\u00e9 et un rendu soign\u00e9.<\/h3>\n<h3 data-start=\"464\" data-end=\"604\">C'est une attention id\u00e9ale pour marquer un moment important\u00a0<br data-start=\"525\" data-end=\"528\" \/>Anniversaire, grossesse, naissance, couple ou simplement pour faire plaisir.<\/h3>\n<h3 data-start=\"962\" data-end=\"1088\">Chaque s\u00e9ance est adapt\u00e9e \u00e0 la personne qui re\u00e7oit le bon.<br data-start=\"1020\" data-end=\"1023\" \/>Style, ambiance, lieu&#8230; tout est d\u00e9fini en fonction de ses envies.<\/h3>\n<h3 data-start=\"1090\" data-end=\"1195\">M\u00eame sans exp\u00e9rience devant l'objectif, l'accompagnement permet d'obtenir un r\u00e9sultat naturel et \u00e9l\u00e9gant.<\/h3>\n\t\n<h3>Bon digital ou imprim\u00e9<\/h3>\n<h3>Valable 12 mois<\/h3>\n<h3>Possibilit\u00e9 d'option maquillage et livraison express<\/h3>\n<figure data-animation-delay=\"0\" data-animation-duration=\"1\" itemscope itemtype=\"https:\/\/schema.org\/ImageObject\">\n\t\t\t\t<a href=\"https:\/\/www.steevejosch.com\/wp-content\/uploads\/2026\/04\/MG_8972-1.jpg\"  target=\"_self\" itemprop=\"url\">\n\t\t\t\t<img decoding=\"async\" src=\"https:\/\/www.steevejosch.com\/wp-content\/uploads\/2026\/04\/MG_8972-1.jpg\" alt=\"_MG_8972 1\" height=\"2016\" width=\"1344\" title=\"_MG_8972 1\" onerror=\"this.style.display='none'\" loading=\"lazy\" \/>\n\t\t\t\t<\/a>\n\t<\/figure>\n<figure data-animation-delay=\"0\" data-animation-duration=\"1\" itemscope itemtype=\"https:\/\/schema.org\/ImageObject\">\n\t\t\t\t<a href=\"https:\/\/www.steevejosch.com\/wp-content\/uploads\/2026\/04\/compo-3-scaled.jpg\"  target=\"_self\" itemprop=\"url\">\n\t\t\t\t<img decoding=\"async\" src=\"http:\/\/www.steevejosch.com\/wp-content\/uploads\/2026\/04\/compo-3-scaled.jpg\" alt=\"compo 3\" title=\"compo 3\" onerror=\"this.style.display='none'\" loading=\"lazy\" \/>\n\t\t\t\t<\/a>\n\t<\/figure>\n<figure data-animation-delay=\"0\" data-animation-duration=\"1\" itemscope itemtype=\"https:\/\/schema.org\/ImageObject\">\n\t\t\t\t<a href=\"https:\/\/www.steevejosch.com\/wp-content\/uploads\/2026\/04\/4E5A1205-2.jpg-nggid0518954-ngg0dyn-800x1200x100-00f0w010c010r110f110r010t010.jpg\"  target=\"_self\" itemprop=\"url\">\n\t\t\t\t<img decoding=\"async\" src=\"http:\/\/www.steevejosch.com\/wp-content\/uploads\/2026\/04\/4E5A1205-2.jpg-nggid0518954-ngg0dyn-800x1200x100-00f0w010c010r110f110r010t010.jpg\" alt=\"4E5A1205-2.jpg-nggid0518954-ngg0dyn-800x1200x100-00f0w010c010r110f110r010t010\" title=\"4E5A1205-2.jpg-nggid0518954-ngg0dyn-800x1200x100-00f0w010c010r110f110r010t010\" onerror=\"this.style.display='none'\" loading=\"lazy\" \/>\n\t\t\t\t<\/a>\n\t<\/figure>\n<figure data-animation-delay=\"0\" data-animation-duration=\"1\" itemscope itemtype=\"https:\/\/schema.org\/ImageObject\">\n\t\t\t\t<a href=\"https:\/\/www.steevejosch.com\/wp-content\/uploads\/2026\/04\/E5A8886-scaled.jpg\"  target=\"_self\" itemprop=\"url\">\n\t\t\t\t<img decoding=\"async\" src=\"http:\/\/www.steevejosch.com\/wp-content\/uploads\/2026\/04\/E5A8886-scaled.jpg\" alt=\"_E5A8886\" title=\"_E5A8886\" onerror=\"this.style.display='none'\" loading=\"lazy\" \/>\n\t\t\t\t<\/a>\n\t<\/figure>\n<figure data-animation-delay=\"0\" data-animation-duration=\"1\" itemscope itemtype=\"https:\/\/schema.org\/ImageObject\">\n\t\t\t\t<a href=\"https:\/\/www.steevejosch.com\/wp-content\/uploads\/2026\/04\/E5A1000.jpg\"  target=\"_self\" itemprop=\"url\">\n\t\t\t\t<img decoding=\"async\" src=\"http:\/\/www.steevejosch.com\/wp-content\/uploads\/2026\/04\/E5A1000.jpg\" alt=\"_E5A1000\" title=\"_E5A1000\" onerror=\"this.style.display='none'\" loading=\"lazy\" \/>\n\t\t\t\t<\/a>\n\t<\/figure>\n<figure data-animation-delay=\"0\" data-animation-duration=\"1\" itemscope itemtype=\"https:\/\/schema.org\/ImageObject\">\n\t\t\t\t<a href=\"https:\/\/www.steevejosch.com\/wp-content\/uploads\/2026\/04\/E5A9156-Copie.jpg\"  target=\"_self\" itemprop=\"url\">\n\t\t\t\t<img decoding=\"async\" src=\"http:\/\/www.steevejosch.com\/wp-content\/uploads\/2026\/04\/E5A9156-Copie.jpg\" alt=\"_E5A9156 - Copie\" title=\"_E5A9156 - Copie\" onerror=\"this.style.display='none'\" loading=\"lazy\" \/>\n\t\t\t\t<\/a>\n\t<\/figure>\n\t<h3><img loading=\"lazy\" decoding=\"async\" src=\"http:\/\/www.steevejosch.com\/wp-content\/uploads\/2026\/04\/logo-dessin-300x300.png\" alt=\"\" width=\"254\" height=\"254\" \/><\/h3>\n<h3>Pack naissance<\/h3>\n<h3>580 \u20ac\u00a0 490 \u20ac <\/h3>\n<h3>Ce forfait comprend :<\/h3>\n<ul>\n<li>\n<h4>S\u00e9ance photo grossesse<\/h4>\n<\/li>\n<li data-section-id=\"l8ocz9\" data-start=\"585\" data-end=\"632\">\n<h4>S\u00e9ance photo nouveau-n\u00e9<\/h4>\n<\/li>\n<li data-section-id=\"lt8xvm\" data-start=\"633\" data-end=\"670\">\n<h4>30 photos retouch\u00e9es avec soin pour chaque s\u00e9ance<\/h4>\n<\/li>\n<li>\n<h4>Plusieurs fonds et styles de lumi\u00e8res\/ambiances<\/h4>\n<\/li>\n<li data-section-id=\"1dhi2do\" data-start=\"671\" data-end=\"712\">\n<h4>Livraison en fichiers HD via lien priv\u00e9 (t\u00e9l\u00e9chargement)<\/h4>\n<\/li>\n<\/ul>\n\t<h3><img loading=\"lazy\" decoding=\"async\" src=\"http:\/\/www.steevejosch.com\/wp-content\/uploads\/2026\/04\/logo-noir-1-300x300.png\" alt=\"\" width=\"259\" height=\"259\" \/><\/h3>\n<h3>S\u00e9ance photo Signature<\/h3>\n<h3>390 \u20ac<\/h3>\n<h3>Ce forfait comprend :<\/h3>\n<ul>\n<li data-section-id=\"1jgezv7\" data-start=\"290\" data-end=\"324\">\n<h4>30 photos retouch\u00e9es avec soin<\/h4>\n<\/li>\n<li data-section-id=\"1jgezv7\" data-start=\"290\" data-end=\"324\">\n<h4>Plusieurs fonds et styles de lumi\u00e8res\/ambiances<\/h4>\n<\/li>\n<li data-section-id=\"1ss4tj7\" data-start=\"325\" data-end=\"394\">\n<h4>Livraison en fichiers HD via lien priv\u00e9 (t\u00e9l\u00e9chargement)<\/h4>\n<\/li>\n<li data-section-id=\"1ss4tj7\" data-start=\"325\" data-end=\"394\">\n<h4>Valable pour s\u00e9ance solo, couple, famille, boudoir etc.<\/h4>\n<\/li>\n<\/ul>\n<h5><strong>\u00a0 \u00a0 \u00a0 \u00a0 \u00a0<\/strong><\/h5>\n\t\n<h5><strong>\u00a0 \u00a0 \u00a0 \u00a0 \u00a0 \u00a0 \u00a0 \u00a0 \u00a0\u00a0<\/strong><\/h5>\n\t<p><img loading=\"lazy\" decoding=\"async\" src=\"http:\/\/www.steevejosch.com\/wp-content\/uploads\/2026\/04\/cyber-1-300x300.png\" alt=\"\" width=\"329\" height=\"329\" \/><\/p>\n<h3>S\u00e9ance photo<\/h3>\n\n<h3>290 \u20ac<\/h3>\n<h3>Ce forfait comprend :<\/h3>\n<ul>\n<li data-section-id=\"1jgezv7\" data-start=\"290\" data-end=\"324\">\n<h4>15 photos retouch\u00e9es avec soin<\/h4>\n<\/li>\n<li data-section-id=\"1jgezv7\" data-start=\"290\" data-end=\"324\">\n<h4>Un fond au choix uniquement<\/h4>\n<\/li>\n<li data-section-id=\"1jgezv7\" data-start=\"290\" data-end=\"324\">\n<h4>Livraison en fichiers HD via lien priv\u00e9 (t\u00e9l\u00e9chargement)<\/h4>\n<\/li>\n<li>\n<h4>Valable pour s\u00e9ance solo, couple, famille, boudoir etc.<\/h4>\n<\/li>\n<\/ul>\n<h5><strong>\u00a0 \u00a0 \u00a0 \u00a0 \u00a0 \u00a0 \u00a0 \u00a0 \u00a0\u00a0<\/strong><\/h5>\n<p>&nbsp;<\/p>\n\t<h1 data-section-id=\"vo48yt\" data-start=\"1459\" data-end=\"1480\">Comment commander ?<\/h1>\n<h3 data-start=\"1482\" data-end=\"1552\">Il suffit de me contacter pour recevoir votre bon cadeau personnalis\u00e9.<\/h3>\n<h3 data-start=\"1554\" data-end=\"1632\">Une fois la demande valid\u00e9e, le bon est envoy\u00e9 rapidement, pr\u00eat \u00e0 \u00eatre offert.<\/h3>\n<h3><img decoding=\"async\" role=\"img\" draggable=\"false\" src=\"https:\/\/s.w.org\/images\/core\/emoji\/17.0.2\/svg\/1f4e9.svg\" alt=\"\ud83d\udce9\" \/> Contactez-moi pour planifier un RDV :<\/h3>\n<h1><a href=\"https:\/\/www.steevejosch.com\/index.php\/contact\/\">Par mail via ce formulaire.<\/a><\/h1>\n<h1>Ou par t\u00e9l\u00e9phone au 06 72 22 74 39<\/h1>\n\t\t\t<a href=\"http:\/\/www.steevejosch.com\/index.php\/contact\/\"  target=\"_self\">\n\t\t\t\t\t\tCliquez ici\n\t\t\t\t\t<\/a>\n\t<p>Photographe professionnel situ\u00e9 \u00e0 Brumath \u00e0 15 minutes de Strasbourg, sp\u00e9cialis\u00e9 dans les s\u00e9ances portraits, corporate, produits, mode, grossesse, naissance, famille, mariages, reportages, packshots, immobilier.<\/p>\n<p>Vid\u00e9aste professionnel situ\u00e9 \u00e0 Brumath \u00e0 15 minutes de Strasbourg, sp\u00e9cialis\u00e9 dans les videos promotionelles et clip.<\/p>\n\n<\/div><\/div>","protected":false},"excerpt":{"rendered":"<p>Bon cadeau - S\u00e9ance photo Offrez bien plus qu'un objet. Offrez une exp\u00e9rience, un moment \u00e0 vivre, et des souvenirs qui resteront. Une id\u00e9e de cadeau intemporelle Un bon cadeau permet d'offrir une s\u00e9ance photo dans un cadre professionnel, avec un accompagnement personnalis\u00e9 et un rendu soign\u00e9. C'est une attention id\u00e9ale pour marquer un moment ...<\/p>\n","protected":false},"author":1,"featured_media":0,"parent":0,"menu_order":0,"comment_status":"closed","ping_status":"closed","template":"","meta":{"ngg_post_thumbnail":0,"footnotes":""},"class_list":["post-75581","page","type-page","status-publish","hentry"],"_links":{"self":[{"href":"https:\/\/www.steevejosch.com\/index.php\/wp-json\/wp\/v2\/pages\/75581","targetHints":{"allow":["GET"]}}],"collection":[{"href":"https:\/\/www.steevejosch.com\/index.php\/wp-json\/wp\/v2\/pages"}],"about":[{"href":"https:\/\/www.steevejosch.com\/index.php\/wp-json\/wp\/v2\/types\/page"}],"author":[{"embeddable":true,"href":"https:\/\/www.steevejosch.com\/index.php\/wp-json\/wp\/v2\/users\/1"}],"replies":[{"embeddable":true,"href":"https:\/\/www.steevejosch.com\/index.php\/wp-json\/wp\/v2\/comments?post=75581"}],"version-history":[{"count":7,"href":"https:\/\/www.steevejosch.com\/index.php\/wp-json\/wp\/v2\/pages\/75581\/revisions"}],"predecessor-version":[{"id":75617,"href":"https:\/\/www.steevejosch.com\/index.php\/wp-json\/wp\/v2\/pages\/75581\/revisions\/75617"}],"wp:attachment":[{"href":"https:\/\/www.steevejosch.com\/index.php\/wp-json\/wp\/v2\/media?parent=75581"}],"curies":[{"name":"wp","href":"https:\/\/api.w.org\/{rel}","templated":true}]}}