{"id":75593,"date":"2026-04-04T22:29:26","date_gmt":"2026-04-04T20:29:26","guid":{"rendered":"https:\/\/www.steevejosch.com\/?page_id=75593"},"modified":"2026-04-05T14:25:00","modified_gmt":"2026-04-05T12:25:00","slug":"tarifs-famille-couple","status":"publish","type":"page","link":"https:\/\/www.steevejosch.com\/index.php\/tarifs-famille-couple\/","title":{"rendered":"Tarifs shooting famille."},"content":{"rendered":"<div id=\"dslc-theme-content\"><div id=\"dslc-theme-content-inner\">\n<h1>\n\t\t\tTARIFS S\u00c9ANCES COUPLE ET FAMILLE\t<\/h1>\n\t<h3>Offrez-vous une parenth\u00e8se hors du temps pour capturer ceux et ce qui compte vraiment.<\/h3>\n<figure data-animation-delay=\"0\" data-animation-duration=\"1\" itemscope=\"\" itemtype=\"https:\/\/schema.org\/ImageObject\">\n\t\t\t\t<a href=\"https:\/\/www.steevejosch.com\/wp-content\/uploads\/2026\/04\/compo-3-scaled.jpg\" target=\"_self\" itemprop=\"url\">\n\t\t\t\t<img decoding=\"async\" src=\"https:\/\/www.steevejosch.com\/wp-content\/uploads\/2026\/04\/compo-3-1024x670.jpg\" alt=\"compo 3\" height=\"670\" width=\"1024\" title=\"compo 3\" onerror=\"this.style.display='none'\" loading=\"lazy\">\n\t\t\t\t<\/a>\n\t<\/figure>\n<figure itemscope=\"\" itemtype=\"https:\/\/schema.org\/ImageObject\">\n\t\t\t\t<a href=\"https:\/\/www.steevejosch.com\/wp-content\/uploads\/2026\/04\/IMG_1480.jpg\" target=\"_self\" itemprop=\"url\">\n\t\t\t\t<img decoding=\"async\" src=\"https:\/\/www.steevejosch.com\/wp-content\/uploads\/2026\/04\/IMG_1480.jpg\" alt=\"IMG_1480\" height=\"1344\" width=\"1349\" title=\"IMG_1480\" onerror=\"this.style.display='none'\" loading=\"lazy\">\n\t\t\t\t<\/a>\n\t<\/figure>\n<figure itemscope=\"\" itemtype=\"https:\/\/schema.org\/ImageObject\">\n\t\t\t\t<a href=\"https:\/\/www.steevejosch.com\/wp-content\/uploads\/2026\/04\/E5A1446-3.jpg\" target=\"_self\" itemprop=\"url\">\n\t\t\t\t<img decoding=\"async\" src=\"https:\/\/www.steevejosch.com\/wp-content\/uploads\/2026\/04\/E5A1446-3.jpg\" alt=\"E5A1446\" height=\"800\" width=\"800\" title=\"E5A1446\" onerror=\"this.style.display='none'\" loading=\"lazy\">\n\t\t\t\t<\/a>\n\t<\/figure>\n<figure itemscope=\"\" itemtype=\"https:\/\/schema.org\/ImageObject\">\n\t\t\t\t<a href=\"https:\/\/www.steevejosch.com\/wp-content\/uploads\/2026\/04\/IMG_3021-1-1.jpg\" target=\"_self\" itemprop=\"url\">\n\t\t\t\t<img decoding=\"async\" src=\"https:\/\/www.steevejosch.com\/wp-content\/uploads\/2026\/04\/IMG_3021-1-1.jpg\" alt=\"IMG_3021-1\" height=\"683\" width=\"683\" title=\"IMG_3021-1\" onerror=\"this.style.display='none'\" loading=\"lazy\">\n\t\t\t\t<\/a>\n\t<\/figure>\n<figure itemscope=\"\" itemtype=\"https:\/\/schema.org\/ImageObject\">\n\t\t\t\t<a href=\"https:\/\/www.steevejosch.com\/wp-content\/uploads\/2026\/04\/4E5A1446.jpg\" target=\"_self\" itemprop=\"url\">\n\t\t\t\t<img decoding=\"async\" src=\"https:\/\/www.steevejosch.com\/wp-content\/uploads\/2026\/04\/4E5A1446.jpg\" alt=\"4E5A1446\" height=\"1283\" width=\"1283\" title=\"4E5A1446\" onerror=\"this.style.display='none'\" loading=\"lazy\">\n\t\t\t\t<\/a>\n\t<\/figure>\n\t\t\t<a href=\"https:\/\/www.steevejosch.com\/index.php\/famille\/\" target=\"_self\">\n\t\t\t\t\t\t\tD\u00e9couvrir la galerie compl\u00e8te\n\t\t\t\t\t<\/a>\n\n\t<h3 data-start=\"1269\" data-end=\"1390\">Des moments vrais, des rires, des regards, des liens.<br data-start=\"1322\" data-end=\"1325\">Une s\u00e9ance pens\u00e9e pour capturer votre complicit\u00e9.<\/h3>\n<h3 data-start=\"1392\" data-end=\"1454\">Des images vivantes, naturelles, qui racontent votre histoire.<\/h3>\n\t<h3><img loading=\"lazy\" decoding=\"async\" src=\"http:\/\/www.steevejosch.com\/wp-content\/uploads\/2026\/04\/logo-blanc-1-300x300.png\" alt=\"\" width=\"300\" height=\"300\"><\/h3>\n<h3>S\u00e9ance Signature<\/h3>\n<hr>\n<h3>390 \u20ac<\/h3>\n<h3>Ce forfait comprend :<\/h3>\n<p>&nbsp;<\/p>\n<ul>\n<li data-section-id=\"1jgezv7\" data-start=\"290\" data-end=\"324\">\n<h4>30 photos retouch\u00e9es avec soin<\/h4>\n<\/li>\n<li data-section-id=\"1jgezv7\" data-start=\"290\" data-end=\"324\">\n<h4>Plusieurs fonds et styles de lumi\u00e8res\/ambiances<\/h4>\n<\/li>\n<li data-section-id=\"1ss4tj7\" data-start=\"325\" data-end=\"394\">\n<h4>Livraison en fichiers HD via lien priv\u00e9 (t\u00e9l\u00e9chargement)<\/h4>\n<\/li>\n<li data-section-id=\"eg04fx\" data-start=\"395\" data-end=\"441\">\n<h4>S\u00e9ance en studio \u00e0 Brumath ou en ext\u00e9rieur<\/h4>\n<\/li>\n<\/ul>\n<h5><img decoding=\"async\" role=\"img\" draggable=\"false\" src=\"https:\/\/s.w.org\/images\/core\/emoji\/17.0.2\/svg\/1f449.svg\" alt=\"\ud83d\udc49\"> <em data-start=\"1763\" data-end=\"1842\">la formule la plus choisie<\/em><\/h5>\n\t<h3><img loading=\"lazy\" decoding=\"async\" src=\"http:\/\/www.steevejosch.com\/wp-content\/uploads\/2026\/04\/logo-noir-1-300x300.png\" alt=\"\" width=\"300\" height=\"300\">S\u00e9ance Essentielle<\/h3>\n<hr>\n<h3>290 \u20ac<\/h3>\n<h3>Ce forfait comprend :<\/h3>\n<p>&nbsp;<\/p>\n<ul>\n<li data-section-id=\"1jgezv7\" data-start=\"290\" data-end=\"324\">\n<h4>15 photos retouch\u00e9es avec soin<\/h4>\n<\/li>\n<li data-section-id=\"1jgezv7\" data-start=\"290\" data-end=\"324\">\n<h4>Un fond au choix uniquement<\/h4>\n<\/li>\n<li data-section-id=\"1ss4tj7\" data-start=\"325\" data-end=\"394\">\n<h4>Livraison en fichiers HD via lien priv\u00e9 (t\u00e9l\u00e9chargement)<\/h4>\n<\/li>\n<li data-section-id=\"eg04fx\" data-start=\"395\" data-end=\"441\">\n<h4>S\u00e9ance en studio \u00e0 Brumath ou en ext\u00e9rieur<\/h4>\n<\/li>\n<\/ul>\n<h5><strong>&nbsp; &nbsp; &nbsp; &nbsp; &nbsp; <\/strong><\/h5>\n<h5><strong>&nbsp; &nbsp; &nbsp; &nbsp; &nbsp; &nbsp; &nbsp; &nbsp; &nbsp;&nbsp;<\/strong><\/h5>\n\t\t\t<a href=\"https:\/\/www.steevejosch.com\/index.php\/contact\/\" target=\"_self\">\n\t\t\t\t\t\t\tContactez-moi\n\t\t\t\t\t<\/a>\n\t<h3 data-section-id=\"gef9z1\" data-start=\"1849\" data-end=\"1861\"><img decoding=\"async\" role=\"img\" draggable=\"false\" src=\"https:\/\/s.w.org\/images\/core\/emoji\/17.0.2\/svg\/2728.svg\" alt=\"\u2728\"> Options<\/h3>\n<h3>Photo suppl\u00e9mentaire : +10\u20ac<\/h3>\n<h3>Livraison express (48h) : +40\u20ac<\/h3>\n<h3>Tirages&nbsp; sp\u00e9ciaux ( alu , plexi etc.) \u00e0 partir de 25\u20ac.<\/h3>\n\t<h3 data-section-id=\"14d8fcw\" data-start=\"561\" data-end=\"604\">Photographe famille et couple \u00e0 Brumath \u00e0 15 minutes de Strasbourg, je propose des s\u00e9ances famille et couple en studio ou en exterieur capturer des moments naturels et spontan\u00e9s<\/h3>\n<h3 data-start=\"606\" data-end=\"728\">Chaque s\u00e9ance est construite sur mesure.<br data-start=\"453\" data-end=\"456\">Je vous guide tout au long du shooting pour obtenir des images naturelles, \u00e9l\u00e9gantes et impactantes - m\u00eame si vous n'avez jamais pos\u00e9.<\/h3>\n<h3 data-start=\"606\" data-end=\"728\">En studio \u00e0 Brumath ou dans le lieu de votre choix, je travaille diff\u00e9rentes ambiances pour varier les styles :<\/h3>\n<h3 data-section-id=\"dcnfaw\" data-start=\"948\" data-end=\"983\">Une vraie signature visuelle<\/h3>\n<h3 data-start=\"985\" data-end=\"1044\">Je travaille diff\u00e9rents styles pour enrichir votre s\u00e9ance :<\/h3>\n<ul data-start=\"1046\" data-end=\"1159\">\n<li data-section-id=\"6w43ck\" data-start=\"1046\" data-end=\"1082\">\n<h3>Fonds sobres (blanc, noir, gris)<\/h3>\n<\/li>\n<li data-section-id=\"1ard9hb\" data-start=\"1083\" data-end=\"1117\">\n<h3>Jeux de lumi\u00e8res et contraste<\/h3>\n<\/li>\n<\/ul>\n<h3 data-start=\"1161\" data-end=\"1219\">L'objectif : des images vari\u00e9es, mais toujours coh\u00e9rentes.<\/h3>\n<h3 data-section-id=\"59p6pj\" data-start=\"1047\" data-end=\"1059\">Dur\u00e9e<\/h3>\n<h3>La s\u00e9ance dure en moyenne 2 \u00e0 3 heures en studio \u00e0 Brumath, afin de prendre le temps de varier les ambiances et d'obtenir le meilleur rendu.<\/h3>\n\t<h1>R\u00e9server votre s\u00e9ance<br>\nLes cr\u00e9neaux sont limit\u00e9s pour garantir une qualit\u00e9 optimale.<\/h1>\n<h1><img decoding=\"async\" role=\"img\" draggable=\"false\" src=\"https:\/\/s.w.org\/images\/core\/emoji\/17.0.2\/svg\/1f4e9.svg\" alt=\"\ud83d\udce9\"> Contactez-moi pour planifier votre s\u00e9ance :<\/h1>\n<h1><a href=\"https:\/\/www.steevejosch.com\/index.php\/contact-1\/\">Par mail via ce formulaire<\/a>.<\/h1>\n<h1>Ou par t\u00e9l\u00e9phone au 06 72 22 74 39<\/h1>\n\t\t\t<a href=\"https:\/\/www.steevejosch.com\/index.php\/contact\/\" target=\"_self\">\n\t\t\t\t\t\t\tContactez-moi\n\t\t\t\t\t<\/a>\n<h2>\n\t\t\t<img decoding=\"async\" alt=\"\ud83c\udf81\" src=\"https:\/\/s.w.org\/images\/core\/emoji\/17.0.2\/svg\/1f381.svg\" draggable=\"false\" role=\"img\"> Offrir une s\u00e9ance photo\t<\/h2>\n\t<h3 data-start=\"1658\" data-end=\"1784\">Ce shooting est disponible en bon cadeau.<\/h3>\n<h3>Offrez bien plus qu'un simple cadeau : <\/h3>\n<h3>une exp\u00e9rience, un moment, et des souvenirs qui restent.<\/h3>\n\t\t\t<a href=\"https:\/\/www.steevejosch.com\/index.php\/boncadeau\/\" target=\"_self\">\n\t\t\t\t\t\t\tPlus d'infos sur les bons cadeaux\n\t\t\t\t\t<\/a>\n<figure data-animation-delay=\"0\" data-animation-duration=\"1\" itemscope=\"\" itemtype=\"https:\/\/schema.org\/ImageObject\">\n\t\t\t\t<img decoding=\"async\" src=\"http:\/\/www.steevejosch.com\/wp-content\/uploads\/2026\/04\/Black-and-White-Monochrome-Photo-Collage-Motivational-Desktop-Wallpaper-1536x864.jpg\" alt=\"Black and White Monochrome Photo Collage Motivational Desktop Wallpaper\" title=\"Black and White Monochrome Photo Collage Motivational Desktop Wallpaper\" onerror=\"this.style.display='none'\" loading=\"lazy\">\n\t<\/figure>\n\t\n<h3>Une id\u00e9e parfaite pour :<\/h3>\n<h3>Un anniversaire<\/h3>\n<h3>Un&nbsp;couple<\/h3>\n<h3>Une grossesse<\/h3>\n<h3>ou simplement faire plaisir<\/h3>\n<h3>Bon cadeau digital (envoy\u00e9 rapidement par email)<\/h3>\n<h3>Possibilit\u00e9 de version imprim\u00e9e sur demande<\/h3>\n<h3>Parfait pour un cadeau de derni\u00e8re minute <img decoding=\"async\" role=\"img\" draggable=\"false\" src=\"https:\/\/s.w.org\/images\/core\/emoji\/17.0.2\/svg\/1f381.svg\" alt=\"\ud83c\udf81\"><\/h3>\n<figure itemscope=\"\" itemtype=\"https:\/\/schema.org\/ImageObject\">\n\t\t\t\t<a href=\"https:\/\/www.steevejosch.com\/wp-content\/uploads\/2026\/04\/E5A9802.jpg\" target=\"_self\" itemprop=\"url\">\n\t\t\t\t<img decoding=\"async\" src=\"http:\/\/www.steevejosch.com\/wp-content\/uploads\/2026\/04\/E5A9802.jpg\" alt=\"_E5A9802\" title=\"_E5A9802\" onerror=\"this.style.display='none'\" loading=\"lazy\">\n\t\t\t\t<\/a>\n\t<\/figure>\n<figure itemscope=\"\" itemtype=\"https:\/\/schema.org\/ImageObject\">\n\t\t\t\t<a href=\"https:\/\/www.steevejosch.com\/wp-content\/uploads\/2026\/04\/E5A3854-1.jpg\" target=\"_self\" itemprop=\"url\">\n\t\t\t\t<img decoding=\"async\" src=\"http:\/\/www.steevejosch.com\/wp-content\/uploads\/2026\/04\/E5A3854-1.jpg\" alt=\"E5A3854-1\" title=\"E5A3854-1\" onerror=\"this.style.display='none'\" loading=\"lazy\">\n\t\t\t\t<\/a>\n\t<\/figure>\n<figure itemscope=\"\" itemtype=\"https:\/\/schema.org\/ImageObject\">\n\t\t\t\t<a href=\"https:\/\/www.steevejosch.com\/wp-content\/uploads\/2026\/04\/Famille-36.jpg\" target=\"_self\" itemprop=\"url\">\n\t\t\t\t<img decoding=\"async\" src=\"http:\/\/www.steevejosch.com\/wp-content\/uploads\/2026\/04\/Famille-36.jpg\" alt=\"Famille-36\" title=\"Famille-36\" onerror=\"this.style.display='none'\" loading=\"lazy\">\n\t\t\t\t<\/a>\n\t<\/figure>\n<figure itemscope=\"\" itemtype=\"https:\/\/schema.org\/ImageObject\">\n\t\t\t\t<a href=\"https:\/\/www.steevejosch.com\/wp-content\/uploads\/2026\/04\/Famille-48.jpg\" target=\"_self\" itemprop=\"url\">\n\t\t\t\t<img decoding=\"async\" src=\"http:\/\/www.steevejosch.com\/wp-content\/uploads\/2026\/04\/Famille-48.jpg\" alt=\"Famille-48\" title=\"Famille-48\" onerror=\"this.style.display='none'\" loading=\"lazy\">\n\t\t\t\t<\/a>\n\t<\/figure>\n<figure itemscope=\"\" itemtype=\"https:\/\/schema.org\/ImageObject\">\n\t\t\t\t<a href=\"https:\/\/www.steevejosch.com\/wp-content\/uploads\/2026\/04\/jpg-152-1.jpg\" target=\"_self\" itemprop=\"url\">\n\t\t\t\t<img decoding=\"async\" src=\"http:\/\/www.steevejosch.com\/wp-content\/uploads\/2026\/04\/jpg-152-1.jpg\" alt=\"jpg-152\" title=\"jpg-152\" onerror=\"this.style.display='none'\" loading=\"lazy\">\n\t\t\t\t<\/a>\n\t<\/figure>\n<figure itemscope=\"\" itemtype=\"https:\/\/schema.org\/ImageObject\">\n\t\t\t\t<a href=\"https:\/\/www.steevejosch.com\/wp-content\/uploads\/2026\/04\/IMG_2247-1-1.jpg\" target=\"_self\" itemprop=\"url\">\n\t\t\t\t<img decoding=\"async\" src=\"http:\/\/www.steevejosch.com\/wp-content\/uploads\/2026\/04\/IMG_2247-1-1.jpg\" alt=\"IMG_2247-1\" title=\"IMG_2247-1\" onerror=\"this.style.display='none'\" loading=\"lazy\">\n\t\t\t\t<\/a>\n\t<\/figure>\n\t\t\t<a href=\"https:\/\/www.steevejosch.com\/index.php\/famille\/\" target=\"_self\">\n\t\t\t\t\t\t\tD\u00e9couvrir la galerie compl\u00e8te\n\t\t\t\t\t<\/a>\n<h2 data-animation-delay=\"0\" data-animation-duration=\"1\">\n\t\t<a href=\"http:\/\/www.steevejosch.com\/index.php\/contact\/\" title=\"Vous avez des questions ?\" target=\"_self\">\n\t\t\t<strong>Vous avez des questions ?\t\t<\/strong><\/a>\n\t<\/h2>\n\t\t\t<a href=\"https:\/\/www.steevejosch.com\/index.php\/contact\/\" target=\"_self\">\n\t\t\t\t\t\t\tContactez-moi\n\t\t\t\t\t<\/a>\n\t<h2><strong>Je reste \u00e0 votre disposition pour toute question suppl\u00e9mentaire.<\/strong><br>\n<strong>  Organisons une rencontre ou un appel !<\/strong><br>\n<strong>  \u00c0 bient\u00f4t !<\/strong><\/h2>\n\n\t<p>Photographe professionnel situ\u00e9 \u00e0 Brumath \u00e0 15 minutes de Strasbourg, sp\u00e9cialis\u00e9 dans les s\u00e9ances portraits, corporate, produits, mode, grossesse, naissance, famille, mariages, reportages, packshots, immobilier.<\/p>\n<p>Vid\u00e9aste professionnel situ\u00e9 \u00e0 Brumath \u00e0 15 minutes de Strasbourg, sp\u00e9cialis\u00e9 dans les videos promotionelles et clip.<\/p>\n\n\n\n<p><\/p>\n<\/div><\/div>","protected":false},"excerpt":{"rendered":"<p>TARIFS S\u00c9ANCES COUPLE ET FAMILLE Offrez-vous une parenth\u00e8se hors du temps pour capturer ceux et ce qui compte vraiment. D\u00e9couvrir la galerie compl\u00e8te Des moments vrais, des rires, des regards, des liens.Une s\u00e9ance pens\u00e9e pour capturer votre complicit\u00e9. Des images vivantes, naturelles, qui racontent votre histoire. S\u00e9ance Signature 390 \u20ac Ce forfait comprend : &nbsp; ...<\/p>\n","protected":false},"author":1,"featured_media":0,"parent":0,"menu_order":0,"comment_status":"closed","ping_status":"closed","template":"","meta":{"ngg_post_thumbnail":0,"footnotes":""},"class_list":["post-75593","page","type-page","status-publish","hentry"],"_links":{"self":[{"href":"https:\/\/www.steevejosch.com\/index.php\/wp-json\/wp\/v2\/pages\/75593","targetHints":{"allow":["GET"]}}],"collection":[{"href":"https:\/\/www.steevejosch.com\/index.php\/wp-json\/wp\/v2\/pages"}],"about":[{"href":"https:\/\/www.steevejosch.com\/index.php\/wp-json\/wp\/v2\/types\/page"}],"author":[{"embeddable":true,"href":"https:\/\/www.steevejosch.com\/index.php\/wp-json\/wp\/v2\/users\/1"}],"replies":[{"embeddable":true,"href":"https:\/\/www.steevejosch.com\/index.php\/wp-json\/wp\/v2\/comments?post=75593"}],"version-history":[{"count":6,"href":"https:\/\/www.steevejosch.com\/index.php\/wp-json\/wp\/v2\/pages\/75593\/revisions"}],"predecessor-version":[{"id":75626,"href":"https:\/\/www.steevejosch.com\/index.php\/wp-json\/wp\/v2\/pages\/75593\/revisions\/75626"}],"wp:attachment":[{"href":"https:\/\/www.steevejosch.com\/index.php\/wp-json\/wp\/v2\/media?parent=75593"}],"curies":[{"name":"wp","href":"https:\/\/api.w.org\/{rel}","templated":true}]}}